{"id":4042,"date":"2026-04-06T13:13:24","date_gmt":"2026-04-06T11:13:24","guid":{"rendered":"https:\/\/www.refugio-kalandraka.com\/?page_id=4042"},"modified":"2026-04-06T13:13:24","modified_gmt":"2026-04-06T11:13:24","slug":"carta-kalandraka","status":"publish","type":"page","link":"https:\/\/www.refugio-kalandraka.com\/es\/carta-kalandraka\/","title":{"rendered":"Carta Kalandraka"},"content":{"rendered":"<h1>Picoteo<\/h1>\n<ul>\n<li>Aceitunas aragonesas 2,90\u20ac<\/li>\n<li>Patatas bravas 7,00\u20ac<\/li>\n<\/ul>\n<h1><\/h1>\n<h1>Ensaladas<\/h1>\n<ul>\n<li>Ensalada mixta 10,50\u20ac<\/li>\n<li>Ensalada de burrata 15,50\u20ac<\/li>\n<\/ul>\n<h1><\/h1>\n<h1>La estrella de la casa<\/h1>\n<ul>\n<li>Lasa\u00f1a de carne 15,50\u20ac<\/li>\n<li>Lasa\u00f1a vegetal 14,90\u20ac<\/li>\n<li>1\/2 Lasa\u00f1a con ensalada peque\u00f1a 13,90\u20ac<\/li>\n<\/ul>\n<h1><\/h1>\n<h1>Nuestras pizzas<\/h1>\n<h4>Margarita 10,50\u20ac<\/h4>\n<p>Tomate, mozzarella, albahaca y or\u00e9gano<\/p>\n<h4>Jam\u00f3n dulce 13,50\u20ac<\/h4>\n<p>Tomate, mozzarella, jamon dulce, albahaca y or\u00e9gano<\/p>\n<h4>Cuatro quesos 14,50\u20ac<\/h4>\n<p>Nata, mozzarella, gorgonzola, parmesano, albahaca y or\u00e9gano<\/p>\n<h4>Diavola 13,50\u20ac<\/h4>\n<p>Tomate, mozzarella, salame picante, albahaca y or\u00e9gano<\/p>\n<h4>Cuatro estaciones 15,50\u20ac<\/h4>\n<p>Tomate, mozzarella, champi\u00f1ones, jamon york, at\u00fan, olivas negras, albahaca y or\u00e9gano<\/p>\n<h4>Boscaiola 15,50\u20ac<\/h4>\n<p>Tomate, mozzarella, jam\u00f3n york, longaniza, champi\u00f1ones, albahaca y or\u00e9gano<\/p>\n<h4>Mortazza 16,00\u20ac<\/h4>\n<p>Mozzarella, mortadela, crema de pistacho, albahaca y or\u00e9gano<\/p>\n<h4>Terramadre 16,00\u20ac<\/h4>\n<p>Mozzarella, champi\u00f1ones, cebolla caramelizada, parmesano, gorgonzola, crema de pistacho, albahaca y or\u00e9gano<\/p>\n<h4>Kalandraka 15,50\u20ac<\/h4>\n<p>Mozzarella, guanciale, queso de cabra, cebolla caramelizada, albahaca y or\u00e9gano<\/p>\n<h4>Carbonara 15,50\u20ac<\/h4>\n<p>Mozzarella, guanciale, huevo, parmesano, albahaca y or\u00e9gano<\/p>\n<h4>Focaccia primavera 15,50\u20ac<\/h4>\n<p>Tomate cherry, rucola, burrata, pesto (ingredientes en fr\u00edo)<\/p>\n<h4>Calzone 15,50\u20ac<\/h4>\n<p>Tomate, mozzarella, champi\u00f1ones, butifarra, jam\u00f3n york, albahaca y or\u00e9gano<\/p>\n<p>&nbsp;<\/p>\n<p>&nbsp;<\/p>\n","protected":false},"excerpt":{"rendered":"<p>Picoteo Aceitunas aragonesas 2,90\u20ac Patatas bravas 7,00\u20ac Ensaladas Ensalada mixta 10,50\u20ac Ensalada de burrata 15,50\u20ac La estrella de la casa Lasa\u00f1a de carne 15,50\u20ac Lasa\u00f1a vegetal 14,90\u20ac 1\/2 Lasa\u00f1a con ensalada peque\u00f1a 13,90\u20ac Nuestras pizzas Margarita 10,50\u20ac Tomate, mozzarella, albahaca y or\u00e9gano Jam\u00f3n dulce 13,50\u20ac Tomate, mozzarella, jamon dulce, albahaca y or\u00e9gano Cuatro quesos 14,50\u20ac [&hellip;]<\/p>\n","protected":false},"author":3,"featured_media":0,"parent":0,"menu_order":0,"comment_status":"closed","ping_status":"closed","template":"","meta":{"footnotes":""},"class_list":["post-4042","page","type-page","status-publish","hentry"],"_links":{"self":[{"href":"https:\/\/www.refugio-kalandraka.com\/es\/wp-json\/wp\/v2\/pages\/4042","targetHints":{"allow":["GET"]}}],"collection":[{"href":"https:\/\/www.refugio-kalandraka.com\/es\/wp-json\/wp\/v2\/pages"}],"about":[{"href":"https:\/\/www.refugio-kalandraka.com\/es\/wp-json\/wp\/v2\/types\/page"}],"author":[{"embeddable":true,"href":"https:\/\/www.refugio-kalandraka.com\/es\/wp-json\/wp\/v2\/users\/3"}],"replies":[{"embeddable":true,"href":"https:\/\/www.refugio-kalandraka.com\/es\/wp-json\/wp\/v2\/comments?post=4042"}],"version-history":[{"count":7,"href":"https:\/\/www.refugio-kalandraka.com\/es\/wp-json\/wp\/v2\/pages\/4042\/revisions"}],"predecessor-version":[{"id":4053,"href":"https:\/\/www.refugio-kalandraka.com\/es\/wp-json\/wp\/v2\/pages\/4042\/revisions\/4053"}],"wp:attachment":[{"href":"https:\/\/www.refugio-kalandraka.com\/es\/wp-json\/wp\/v2\/media?parent=4042"}],"curies":[{"name":"wp","href":"https:\/\/api.w.org\/{rel}","templated":true}]}}