{"id":24,"date":"2025-07-22T15:51:35","date_gmt":"2025-07-22T13:51:35","guid":{"rendered":"https:\/\/www.refugio-kalandraka.com\/?page_id=24"},"modified":"2026-03-03T10:52:57","modified_gmt":"2026-03-03T09:52:57","slug":"quienes-somos","status":"publish","type":"page","link":"https:\/\/www.refugio-kalandraka.com\/en\/who-we-are\/","title":{"rendered":"About us"},"content":{"rendered":"<div data-elementor-type=\"wp-page\" data-elementor-id=\"24\" class=\"elementor elementor-24\" data-elementor-post-type=\"page\">\n\t\t\t\t<div class=\"elementor-element elementor-element-e22c252 e-flex e-con-boxed e-con e-parent\" data-id=\"e22c252\" data-element_type=\"container\" data-e-type=\"container\">\n\t\t\t\t\t<div class=\"e-con-inner\">\n\t\t<div class=\"elementor-element elementor-element-f2b8198 e-con-full blur-effect e-flex e-con e-child\" data-id=\"f2b8198\" data-element_type=\"container\" data-e-type=\"container\" data-settings=\"{&quot;background_background&quot;:&quot;classic&quot;}\">\n\t\t\t\t<div class=\"elementor-element elementor-element-f98bfbd elementor-widget elementor-widget-heading\" data-id=\"f98bfbd\" data-element_type=\"widget\" data-e-type=\"widget\" data-widget_type=\"heading.default\">\n\t\t\t\t\t<h2 class=\"elementor-heading-title elementor-size-default\">About us<\/h2>\t\t\t\t<\/div>\n\t\t\t\t<div class=\"elementor-element elementor-element-fc55b9e elementor-widget elementor-widget-heading\" data-id=\"fc55b9e\" data-element_type=\"widget\" data-e-type=\"widget\" data-widget_type=\"heading.default\">\n\t\t\t\t\t<h3 class=\"elementor-heading-title elementor-size-default\">WE ARE CLIMBERS<\/h3>\t\t\t\t<\/div>\n\t\t\t\t<div class=\"elementor-element elementor-element-f8e35df elementor-widget elementor-widget-text-editor\" data-id=\"f8e35df\" data-element_type=\"widget\" data-e-type=\"widget\" data-widget_type=\"text-editor.default\">\n\t\t\t\t\t\t\t\t\t<p>We live and work in Rodellar because it\u2019s the most beautiful place in the world, and we love what we do. We are a team of climbers here for climbers, combining our passion for climbing with our work. We love Kalandraka, because it\u2019s never standing still. We live and work to make every day a little better.\u00a0<\/p>\t\t\t\t\t\t\t\t<\/div>\n\t\t\t\t<\/div>\n\t\t<div class=\"elementor-element elementor-element-3aaf453 e-con-full elementor-hidden-mobile e-flex e-con e-child\" data-id=\"3aaf453\" data-element_type=\"container\" data-e-type=\"container\">\n\t\t\t\t<\/div>\n\t\t\t\t\t<\/div>\n\t\t\t\t<\/div>\n\t\t<div class=\"elementor-element elementor-element-6622668 e-flex e-con-boxed e-con e-parent\" data-id=\"6622668\" data-element_type=\"container\" data-e-type=\"container\">\n\t\t\t\t\t<div class=\"e-con-inner\">\n\t\t<div class=\"elementor-element elementor-element-a2d9a6d e-con-full e-flex e-con e-child\" data-id=\"a2d9a6d\" data-element_type=\"container\" data-e-type=\"container\">\n\t\t\t\t<div class=\"elementor-element elementor-element-f77de39 elementor-widget elementor-widget-heading\" data-id=\"f77de39\" data-element_type=\"widget\" data-e-type=\"widget\" data-widget_type=\"heading.default\">\n\t\t\t\t\t<h2 class=\"elementor-heading-title elementor-size-default\">We are <br>Kalandraka<\/h2>\t\t\t\t<\/div>\n\t\t\t\t<div class=\"elementor-element elementor-element-33fa56c elementor-widget elementor-widget-image\" data-id=\"33fa56c\" data-element_type=\"widget\" data-e-type=\"widget\" data-widget_type=\"image.default\">\n\t\t\t\t\t\t\t\t\t\t\t\t\t\t\t<img fetchpriority=\"high\" decoding=\"async\" width=\"800\" height=\"618\" src=\"https:\/\/www.refugio-kalandraka.com\/wp-content\/uploads\/2025\/07\/Kalandraka-team_0002-1030x796-1-1024x791.jpg\" class=\"attachment-large size-large wp-image-100\" alt=\"\" srcset=\"https:\/\/www.refugio-kalandraka.com\/wp-content\/uploads\/2025\/07\/Kalandraka-team_0002-1030x796-1-1024x791.jpg 1024w, https:\/\/www.refugio-kalandraka.com\/wp-content\/uploads\/2025\/07\/Kalandraka-team_0002-1030x796-1-300x232.jpg 300w, https:\/\/www.refugio-kalandraka.com\/wp-content\/uploads\/2025\/07\/Kalandraka-team_0002-1030x796-1-768x594.jpg 768w, https:\/\/www.refugio-kalandraka.com\/wp-content\/uploads\/2025\/07\/Kalandraka-team_0002-1030x796-1.jpg 1030w\" sizes=\"(max-width: 800px) 100vw, 800px\" \/>\t\t\t\t\t\t\t\t\t\t\t\t\t\t\t<\/div>\n\t\t\t\t<\/div>\n\t\t<div class=\"elementor-element elementor-element-6d45115 e-con-full e-flex e-con e-child\" data-id=\"6d45115\" data-element_type=\"container\" data-e-type=\"container\">\n\t\t\t\t<div class=\"elementor-element elementor-element-cd6a032 elementor-widget elementor-widget-image\" data-id=\"cd6a032\" data-element_type=\"widget\" data-e-type=\"widget\" data-widget_type=\"image.default\">\n\t\t\t\t\t\t\t\t\t\t\t\t\t\t\t<img decoding=\"async\" width=\"800\" height=\"534\" src=\"https:\/\/www.refugio-kalandraka.com\/wp-content\/uploads\/2025\/07\/Anfangsbild-Zimmer-und-Steinhaus-4-Bettten.jpg\" class=\"attachment-large size-large wp-image-295\" alt=\"\" srcset=\"https:\/\/www.refugio-kalandraka.com\/wp-content\/uploads\/2025\/07\/Anfangsbild-Zimmer-und-Steinhaus-4-Bettten.jpg 1000w, https:\/\/www.refugio-kalandraka.com\/wp-content\/uploads\/2025\/07\/Anfangsbild-Zimmer-und-Steinhaus-4-Bettten-300x200.jpg 300w, https:\/\/www.refugio-kalandraka.com\/wp-content\/uploads\/2025\/07\/Anfangsbild-Zimmer-und-Steinhaus-4-Bettten-768x512.jpg 768w\" sizes=\"(max-width: 800px) 100vw, 800px\" \/>\t\t\t\t\t\t\t\t\t\t\t\t\t\t\t<\/div>\n\t\t\t\t<div class=\"elementor-element elementor-element-7842bbb elementor-widget elementor-widget-text-editor\" data-id=\"7842bbb\" data-element_type=\"widget\" data-e-type=\"widget\" data-widget_type=\"text-editor.default\">\n\t\t\t\t\t\t\t\t\t<p>We live together, we work together, we climb together.<br>And we continue to choose each other every day.<\/p>\n<p>Kalandraka is home, it is rope and after-dinner conversation.<br>It&#039;s about climbing, getting up early, drinking beers after a successful climb, and parties that start without warning.<\/p>\n<p>Here you sleep, eat, climb and live \u2014all with the same intensity.<\/p>\t\t\t\t\t\t\t\t<\/div>\n\t\t\t\t<\/div>\n\t\t\t\t\t<\/div>\n\t\t\t\t<\/div>\n\t\t<div class=\"elementor-element elementor-element-4ee709d e-flex e-con-boxed e-con e-parent\" data-id=\"4ee709d\" data-element_type=\"container\" data-e-type=\"container\" data-settings=\"{&quot;background_background&quot;:&quot;classic&quot;}\">\n\t\t\t\t\t<div class=\"e-con-inner\">\n\t\t\t\t<div class=\"elementor-element elementor-element-96bdeec elementor-widget elementor-widget-heading\" data-id=\"96bdeec\" data-element_type=\"widget\" data-e-type=\"widget\" data-widget_type=\"heading.default\">\n\t\t\t\t\t<h2 class=\"elementor-heading-title elementor-size-default\">Some come for the rock, <br>Many stay because of the people.<\/h2>\t\t\t\t<\/div>\n\t\t\t\t\t<\/div>\n\t\t\t\t<\/div>\n\t\t<div class=\"elementor-element elementor-element-8e9a15d e-con-full e-flex e-con e-parent\" data-id=\"8e9a15d\" data-element_type=\"container\" data-e-type=\"container\">\n\t\t\t\t<div class=\"elementor-element elementor-element-59e79ef elementor-widget elementor-widget-gallery\" data-id=\"59e79ef\" data-element_type=\"widget\" data-e-type=\"widget\" data-settings=\"{&quot;gap&quot;:{&quot;unit&quot;:&quot;px&quot;,&quot;size&quot;:0,&quot;sizes&quot;:[]},&quot;aspect_ratio&quot;:&quot;1:1&quot;,&quot;lazyload&quot;:&quot;yes&quot;,&quot;gallery_layout&quot;:&quot;grid&quot;,&quot;columns&quot;:4,&quot;columns_tablet&quot;:2,&quot;columns_mobile&quot;:1,&quot;gap_tablet&quot;:{&quot;unit&quot;:&quot;px&quot;,&quot;size&quot;:10,&quot;sizes&quot;:[]},&quot;gap_mobile&quot;:{&quot;unit&quot;:&quot;px&quot;,&quot;size&quot;:10,&quot;sizes&quot;:[]},&quot;overlay_background&quot;:&quot;yes&quot;,&quot;content_hover_animation&quot;:&quot;fade-in&quot;}\" data-widget_type=\"gallery.default\">\n\t\t\t\t\t\t\t<div class=\"elementor-gallery__container\">\n\t\t\t\t\t\t\t<div class=\"e-gallery-item elementor-gallery-item elementor-animated-content\">\n\t\t\t\t\t<div class=\"e-gallery-image elementor-gallery-item__image\" data-thumbnail=\"https:\/\/www.refugio-kalandraka.com\/wp-content\/uploads\/2025\/07\/Kalandraka-team_0003-579x1030-1.jpg\" data-width=\"579\" data-height=\"1030\" aria-label=\"\" role=\"img\" ><\/div>\n\t\t\t\t\t\t\t\t\t\t\t<div class=\"elementor-gallery-item__overlay\"><\/div>\n\t\t\t\t\t\t\t\t\t\t\t\t\t\t<\/div>\n\t\t\t\t\t\t\t<div class=\"e-gallery-item elementor-gallery-item elementor-animated-content\">\n\t\t\t\t\t<div class=\"e-gallery-image elementor-gallery-item__image\" data-thumbnail=\"https:\/\/www.refugio-kalandraka.com\/wp-content\/uploads\/2025\/07\/Albert.jpg\" data-width=\"1000\" data-height=\"750\" aria-label=\"\" role=\"img\" ><\/div>\n\t\t\t\t\t\t\t\t\t\t\t<div class=\"elementor-gallery-item__overlay\"><\/div>\n\t\t\t\t\t\t\t\t\t\t\t\t\t\t<\/div>\n\t\t\t\t\t\t\t<div class=\"e-gallery-item elementor-gallery-item elementor-animated-content\">\n\t\t\t\t\t<div class=\"e-gallery-image elementor-gallery-item__image\" data-thumbnail=\"https:\/\/www.refugio-kalandraka.com\/wp-content\/uploads\/2025\/07\/Kalandraka-team_0005-773x1030-1.jpg\" data-width=\"773\" data-height=\"1030\" aria-label=\"\" role=\"img\" ><\/div>\n\t\t\t\t\t\t\t\t\t\t\t<div class=\"elementor-gallery-item__overlay\"><\/div>\n\t\t\t\t\t\t\t\t\t\t\t\t\t\t<\/div>\n\t\t\t\t\t\t\t<div class=\"e-gallery-item elementor-gallery-item elementor-animated-content\">\n\t\t\t\t\t<div class=\"e-gallery-image elementor-gallery-item__image\" data-thumbnail=\"https:\/\/www.refugio-kalandraka.com\/wp-content\/uploads\/2025\/07\/Kalandraka-team_0004-579x1030-1.jpg\" data-width=\"579\" data-height=\"1030\" aria-label=\"\" role=\"img\" ><\/div>\n\t\t\t\t\t\t\t\t\t\t\t<div class=\"elementor-gallery-item__overlay\"><\/div>\n\t\t\t\t\t\t\t\t\t\t\t\t\t\t<\/div>\n\t\t\t\t\t\t\t<div class=\"e-gallery-item elementor-gallery-item elementor-animated-content\">\n\t\t\t\t\t<div class=\"e-gallery-image elementor-gallery-item__image\" data-thumbnail=\"https:\/\/www.refugio-kalandraka.com\/wp-content\/uploads\/2025\/07\/Michi.jpg\" data-width=\"1000\" data-height=\"750\" aria-label=\"\" role=\"img\" ><\/div>\n\t\t\t\t\t\t\t\t\t\t\t<div class=\"elementor-gallery-item__overlay\"><\/div>\n\t\t\t\t\t\t\t\t\t\t\t\t\t\t<\/div>\n\t\t\t\t\t\t\t<div class=\"e-gallery-item elementor-gallery-item elementor-animated-content\">\n\t\t\t\t\t<div class=\"e-gallery-image elementor-gallery-item__image\" data-thumbnail=\"https:\/\/www.refugio-kalandraka.com\/wp-content\/uploads\/2025\/07\/Kalandraka-team_0001-1030x686-1.jpg\" data-width=\"1030\" data-height=\"686\" aria-label=\"\" role=\"img\" ><\/div>\n\t\t\t\t\t\t\t\t\t\t\t<div class=\"elementor-gallery-item__overlay\"><\/div>\n\t\t\t\t\t\t\t\t\t\t\t\t\t\t<\/div>\n\t\t\t\t\t\t\t<div class=\"e-gallery-item elementor-gallery-item elementor-animated-content\">\n\t\t\t\t\t<div class=\"e-gallery-image elementor-gallery-item__image\" data-thumbnail=\"https:\/\/www.refugio-kalandraka.com\/wp-content\/uploads\/2025\/07\/Nik.jpg\" data-width=\"662\" data-height=\"1000\" aria-label=\"\" role=\"img\" ><\/div>\n\t\t\t\t\t\t\t\t\t\t\t<div class=\"elementor-gallery-item__overlay\"><\/div>\n\t\t\t\t\t\t\t\t\t\t\t\t\t\t<\/div>\n\t\t\t\t\t<\/div>\n\t\t\t\t\t<\/div>\n\t\t\t\t<\/div>\n\t\t\t\t<\/div>","protected":false},"excerpt":{"rendered":"<p>QUI\u00c9NES SOMOS SOMOS ESCALADORES Vivimos y trabajamos en Rodellar, porque es el lugar m\u00e1s bonito del mundo, y amamos nuestro trabajo. Somos un equipo de escaladores que est\u00e1 ah\u00ed para los escaladores, combinamos la escalada con el trabajo y amamos nuestro Kalandraka, porque jam\u00e1s est\u00e1 parado. Vivimos y trabajamos para que cada d\u00eda sea un [&hellip;]<\/p>","protected":false},"author":1,"featured_media":238,"parent":0,"menu_order":0,"comment_status":"closed","ping_status":"closed","template":"","meta":{"footnotes":""},"class_list":["post-24","page","type-page","status-publish","has-post-thumbnail","hentry"],"_links":{"self":[{"href":"https:\/\/www.refugio-kalandraka.com\/en\/wp-json\/wp\/v2\/pages\/24","targetHints":{"allow":["GET"]}}],"collection":[{"href":"https:\/\/www.refugio-kalandraka.com\/en\/wp-json\/wp\/v2\/pages"}],"about":[{"href":"https:\/\/www.refugio-kalandraka.com\/en\/wp-json\/wp\/v2\/types\/page"}],"author":[{"embeddable":true,"href":"https:\/\/www.refugio-kalandraka.com\/en\/wp-json\/wp\/v2\/users\/1"}],"replies":[{"embeddable":true,"href":"https:\/\/www.refugio-kalandraka.com\/en\/wp-json\/wp\/v2\/comments?post=24"}],"version-history":[{"count":254,"href":"https:\/\/www.refugio-kalandraka.com\/en\/wp-json\/wp\/v2\/pages\/24\/revisions"}],"predecessor-version":[{"id":3909,"href":"https:\/\/www.refugio-kalandraka.com\/en\/wp-json\/wp\/v2\/pages\/24\/revisions\/3909"}],"wp:featuredmedia":[{"embeddable":true,"href":"https:\/\/www.refugio-kalandraka.com\/en\/wp-json\/wp\/v2\/media\/238"}],"wp:attachment":[{"href":"https:\/\/www.refugio-kalandraka.com\/en\/wp-json\/wp\/v2\/media?parent=24"}],"curies":[{"name":"wp","href":"https:\/\/api.w.org\/{rel}","templated":true}]}}