{"id":1242,"date":"2025-08-01T13:05:27","date_gmt":"2025-08-01T11:05:27","guid":{"rendered":"https:\/\/www.refugio-kalandraka.com\/?page_id=1242"},"modified":"2026-03-03T10:38:03","modified_gmt":"2026-03-03T09:38:03","slug":"escalada","status":"publish","type":"page","link":"https:\/\/www.refugio-kalandraka.com\/en\/rock-climbing\/","title":{"rendered":"Rock Climbing"},"content":{"rendered":"<div data-elementor-type=\"wp-page\" data-elementor-id=\"1242\" class=\"elementor elementor-1242\" data-elementor-post-type=\"page\">\n\t\t\t\t<div class=\"elementor-element elementor-element-1108909 e-flex e-con-boxed e-con e-parent\" data-id=\"1108909\" data-element_type=\"container\" data-e-type=\"container\">\n\t\t\t\t\t<div class=\"e-con-inner\">\n\t\t<div class=\"elementor-element elementor-element-dc59bc5 e-con-full blur-effect e-flex e-con e-child\" data-id=\"dc59bc5\" data-element_type=\"container\" data-e-type=\"container\" data-settings=\"{&quot;background_background&quot;:&quot;classic&quot;}\">\n\t\t\t\t<div class=\"elementor-element elementor-element-1c06b7a elementor-widget elementor-widget-heading\" data-id=\"1c06b7a\" data-element_type=\"widget\" data-e-type=\"widget\" data-widget_type=\"heading.default\">\n\t\t\t\t\t<h2 class=\"elementor-heading-title elementor-size-default\">Rock Climbing<\/h2>\t\t\t\t<\/div>\n\t\t\t\t<div class=\"elementor-element elementor-element-fcbf1e7 elementor-widget elementor-widget-heading\" data-id=\"fcbf1e7\" data-element_type=\"widget\" data-e-type=\"widget\" data-widget_type=\"heading.default\">\n\t\t\t\t\t<h3 class=\"elementor-heading-title elementor-size-default\">Rodellar is a world-class climbing destination\n<\/h3>\t\t\t\t<\/div>\n\t\t\t\t<div class=\"elementor-element elementor-element-e3dd5c0 elementor-widget elementor-widget-text-editor\" data-id=\"e3dd5c0\" data-element_type=\"widget\" data-e-type=\"widget\" data-widget_type=\"text-editor.default\">\n\t\t\t\t\t\t\t\t\t<p>Rodellar offers one of the world\u2019s best climbing areas, with over 1,000 routes across 35 sectors on high-quality limestone.\u00a0<\/p>\t\t\t\t\t\t\t\t<\/div>\n\t\t\t\t<\/div>\n\t\t<div class=\"elementor-element elementor-element-f1f9abd e-con-full elementor-hidden-mobile e-flex e-con e-child\" data-id=\"f1f9abd\" data-element_type=\"container\" data-e-type=\"container\">\n\t\t\t\t<\/div>\n\t\t\t\t\t<\/div>\n\t\t\t\t<\/div>\n\t\t<div class=\"elementor-element elementor-element-f12cf47 e-con-full e-flex e-con e-parent\" data-id=\"f12cf47\" data-element_type=\"container\" data-e-type=\"container\" data-settings=\"{&quot;background_background&quot;:&quot;classic&quot;}\">\n\t\t\t\t<div class=\"elementor-element elementor-element-475d34f elementor-icon-list--layout-inline elementor-mobile-align-center elementor-list-item-link-full_width elementor-widget elementor-widget-icon-list\" data-id=\"475d34f\" data-element_type=\"widget\" data-e-type=\"widget\" data-widget_type=\"icon-list.default\">\n\t\t\t\t\t\t\t<ul class=\"elementor-icon-list-items elementor-inline-items\">\n\t\t\t\t\t\t\t<li class=\"elementor-icon-list-item elementor-inline-item\">\n\t\t\t\t\t\t\t\t\t\t\t<a href=\"https:\/\/www.refugio-kalandraka.com\/en\/rock-climbing\/\">\n\n\t\t\t\t\t\t\t\t\t\t\t\t<span class=\"elementor-icon-list-icon\">\n\t\t\t\t\t\t\t<svg xmlns=\"http:\/\/www.w3.org\/2000\/svg\" width=\"50\" height=\"50\" viewbox=\"0 0 50 50\"><path fill=\"#000000\" d=\"M6.432 21.55a5.2 5.2 0 0 0-.519 2.261l.193 12.125l-4.205 9.024a2.7 2.7 0 0 0-.301.902a2.723 2.723 0 0 0 2.295 3.105a2.72 2.72 0 0 0 2.803-1.386l4.626-9.864c.096-.229.182-.47.217-.734l.025-.372l-.036-7.496l7.109 3.092l1.148 7.326a2.725 2.725 0 0 0 2.259 2.106a2.75 2.75 0 0 0 3.118-2.285c.035-.253.035-.506.011-.746l-1.401-8.844a2.76 2.76 0 0 0-1.534-1.962l-6.354-2.812l4.046-7.014l2.007 2.539c.205.228.471.421.772.541l7.648 2.225a2.154 2.154 0 0 0 2.452-1.286a2.15 2.15 0 0 0-1.183-2.803l-.109-.036l-6.645-1.949l-5.002-5.979a5.07 5.07 0 0 0-2.911-1.541a4.99 4.99 0 0 0-4.972 2.298zm21.939 17.384l-.483 3.633l-13.156 3.187l.127 2.246h32.086A2.046 2.046 0 0 0 49 45.957l-.036-43.069l-4.396-1.022l-2.526 11.323l-4.223 1.768l-3.745 10.441l3.558 7.989l-1.002 3.067zM19.438 9.157c2.259 0 4.095-1.828 4.095-4.078C23.532 2.83 21.697 1 19.438 1s-4.096 1.83-4.096 4.079c-.001 2.25 1.836 4.078 4.096 4.078m-8.149.638a1.16 1.16 0 0 0-.435-1.588L8.872 7.052a1.185 1.185 0 0 0-1.607.433L1.153 17.989a1.163 1.163 0 0 0 .434 1.588l1.994 1.144a1.17 1.17 0 0 0 1.594-.422z\"><\/path><\/svg>\t\t\t\t\t\t<\/span>\n\t\t\t\t\t\t\t\t\t\t<span class=\"elementor-icon-list-text\">Rock Climbing<\/span>\n\t\t\t\t\t\t\t\t\t\t\t<\/a>\n\t\t\t\t\t\t\t\t\t<\/li>\n\t\t\t\t\t\t\t\t<li class=\"elementor-icon-list-item elementor-inline-item\">\n\t\t\t\t\t\t\t\t\t\t\t<a href=\"\/en\/yoga(\/\">\n\n\t\t\t\t\t\t\t\t\t\t\t\t<span class=\"elementor-icon-list-icon\">\n\t\t\t\t\t\t\t<svg xmlns=\"http:\/\/www.w3.org\/2000\/svg\" width=\"50\" height=\"50\" viewbox=\"0 0 24 24\"><g fill=\"none\" stroke=\"#000000\" stroke-linecap=\"round\" stroke-linejoin=\"round\" stroke-width=\"1.5\"><path d=\"m14.571 15.004l.858 1.845s3.857.819 3.857 2.767C19.286 21 17.57 21 17.57 21H13l-2.25-1.25\"><\/path><path d=\"m9.429 15.004l-.857 1.845s-3.858.819-3.858 2.767C4.714 21 6.43 21 6.43 21H8.5l2.25-1.25L13.5 18\"><\/path><path d=\"M3 15.926s2.143-.461 3.429-.922C7.714 8.546 11.57 9.007 12 9.007s4.286-.461 5.571 5.997c1.286.46 3.429.922 3.429.922M12 7a2 2 0 1 0 0-4a2 2 0 0 0 0 4\"><\/path><\/g><\/svg>\t\t\t\t\t\t<\/span>\n\t\t\t\t\t\t\t\t\t\t<span class=\"elementor-icon-list-text\">Yoga<\/span>\n\t\t\t\t\t\t\t\t\t\t\t<\/a>\n\t\t\t\t\t\t\t\t\t<\/li>\n\t\t\t\t\t\t\t\t<li class=\"elementor-icon-list-item elementor-inline-item\">\n\t\t\t\t\t\t\t\t\t\t\t<a href=\"https:\/\/www.refugio-kalandraka.com\/en\/mountain-bike\/\">\n\n\t\t\t\t\t\t\t\t\t\t\t\t<span class=\"elementor-icon-list-icon\">\n\t\t\t\t\t\t\t<svg xmlns=\"http:\/\/www.w3.org\/2000\/svg\" width=\"50\" height=\"50\" viewbox=\"0 0 512 512\"><path d=\"M125.3 289.3c17.3 0 33.7 6.8 46.1 19.2 12.4 12.4 19.2 28.8 19.2 46.1s-6.8 33.7-19.2 46.1c-12.4 12.4-28.8 19.2-46.1 19.2s-33.7-6.8-46.1-19.2C66.8 388.4 60 372 60 354.7s6.8-33.7 19.2-46.1c12.4-12.4 28.8-19.3 46.1-19.3m0-28c-51.3 0-93.3 42-93.3 93.3C32 406 74 448 125.3 448s93.3-42 93.3-93.3c.1-51.4-41.9-93.4-93.3-93.4z\" fill=\"#000000\"><\/path><path d=\"M319.8 127.8c17.8 0 32-14.2 32-32S337.8 64 320 64s-32.2 14-32.2 31.8c0 17.7 14.3 32 32 32z\" fill=\"#000000\"><\/path><path d=\"M386.7 289.3c17.3 0 33.7 6.8 46.1 19.2 12.4 12.4 19.2 28.8 19.2 46.1s-6.8 33.7-19.2 46.1C420.4 413.2 404 420 386.7 420s-33.7-6.8-46.1-19.2c-12.4-12.4-19.2-28.8-19.2-46.1s6.8-33.7 19.2-46.1c12.3-12.4 28.7-19.3 46.1-19.3m0-28c-51.3 0-93.3 42-93.3 93.3s42 93.3 93.3 93.3 93.3-42 93.3-93.3-42-93.3-93.3-93.3z\" fill=\"#000000\"><\/path><path d=\"M368 192h-48l-29.5-60.1c-5.6-9.3-15.9-15.9-27.1-15.9-8.4 0-16.8 3.7-22.4 9.3l-71.7 69.1c-5.6 5.6-9.3 14-9.3 22.4 0 17.4 12.6 23.6 18.5 27.1C224 270.1 240 273 240 286.1V352c0 8.8 7.2 16 16 16s16-7.2 16-16v-90c0-13.2-30.4-24-48.3-38l48.9-51.5c18.7 28.5 27.3 51.5 38 51.5H368c8.8 0 16-7.2 16-16s-7.2-16-16-16z\" fill=\"#000000\"><\/path><\/svg>\t\t\t\t\t\t<\/span>\n\t\t\t\t\t\t\t\t\t\t<span class=\"elementor-icon-list-text\">Mountain Bike<\/span>\n\t\t\t\t\t\t\t\t\t\t\t<\/a>\n\t\t\t\t\t\t\t\t\t<\/li>\n\t\t\t\t\t\t\t\t<li class=\"elementor-icon-list-item elementor-inline-item\">\n\t\t\t\t\t\t\t\t\t\t\t<a href=\"https:\/\/www.refugio-kalandraka.com\/en\/hiking\/\">\n\n\t\t\t\t\t\t\t\t\t\t\t\t<span class=\"elementor-icon-list-icon\">\n\t\t\t\t\t\t\t<svg xmlns=\"http:\/\/www.w3.org\/2000\/svg\" width=\"50\" height=\"50\" viewbox=\"0 0 24 24\"><path fill=\"#000000\" d=\"m7 23l3.075-15.55q.15-.725.675-1.088T11.85 6t1.063.25t.787.75l1 1.6q.45.725 1.163 1.313t1.637.862V9H19v14h-1.5V12.85q-1.2-.275-2.225-.875T13.5 10.5l-.6 3l2.1 2V23h-2v-6l-2.1-2l-1.8 8zm.425-9.875l-2.125-.4q-.4-.075-.625-.413t-.15-.762l.75-3.925q.15-.8.85-1.263t1.5-.312l1.15.225zM13.5 5.5q-.825 0-1.412-.587T11.5 3.5t.588-1.412T13.5 1.5t1.413.588T15.5 3.5t-.587 1.413T13.5 5.5\"><\/path><\/svg>\t\t\t\t\t\t<\/span>\n\t\t\t\t\t\t\t\t\t\t<span class=\"elementor-icon-list-text\">Hiking<\/span>\n\t\t\t\t\t\t\t\t\t\t\t<\/a>\n\t\t\t\t\t\t\t\t\t<\/li>\n\t\t\t\t\t\t\t\t<li class=\"elementor-icon-list-item elementor-inline-item\">\n\t\t\t\t\t\t\t\t\t\t\t<a href=\"https:\/\/www.refugio-kalandraka.com\/en\/canyoning\/\">\n\n\t\t\t\t\t\t\t\t\t\t\t\t<span class=\"elementor-icon-list-icon\">\n\t\t\t\t\t\t\t<svg xmlns=\"http:\/\/www.w3.org\/2000\/svg\" width=\"50\" height=\"50\" viewbox=\"0 0 50 50\"><path fill=\"#000000\" d=\"M35.009 25.542c-.327-1.293-1.973-2.314-3.21-1.716L27 26v-8.584l8.433-13.243c.612-.967.376-2.249-.609-2.869c-.973-.609-2.24-.326-2.787.62L24.97 13.179l-4.261.011c-.273 0-.544.044-.818.152l-7.366 2.869l-3.795-5.715c-.624-.956-1.914-1.239-2.887-.62s-1.257 1.912-.633 2.879l4.736 7.127c.536.826 1.662 1.195 2.613.804L18 18.589V28l-7.397 16.387c-.558 1.251.054 2.625 1.356 3.354s2.801.304 3.342-.945l5.951-13.582a6 6 0 0 0 1.673.219a4.4 4.4 0 0 0 1.531-.272l6.681-3.108l1.464 5.857a2.45 2.45 0 0 0 2.97 1.771a2.42 2.42 0 0 0 1.77-2.945zM29 22.088v1.553C39 18.623 42.878 1.435 42.878 0h-1.399C40.954 3.585 37 17.926 29 22.088m-7.092-9.658c2.046 0 3.708-1.64 3.708-3.672s-1.662-3.684-3.708-3.684S18.2 6.726 18.2 8.758s1.662 3.672 3.708 3.672M25 50h2V33.432L25 35z\"><\/path><\/svg>\t\t\t\t\t\t<\/span>\n\t\t\t\t\t\t\t\t\t\t<span class=\"elementor-icon-list-text\">Canyoning<\/span>\n\t\t\t\t\t\t\t\t\t\t\t<\/a>\n\t\t\t\t\t\t\t\t\t<\/li>\n\t\t\t\t\t\t<\/ul>\n\t\t\t\t\t\t<\/div>\n\t\t\t\t<\/div>\n\t\t<div class=\"elementor-element elementor-element-dc53345 e-flex e-con-boxed e-con e-parent\" data-id=\"dc53345\" data-element_type=\"container\" data-e-type=\"container\">\n\t\t\t\t\t<div class=\"e-con-inner\">\n\t\t\t\t<div class=\"elementor-element elementor-element-ce8e0da elementor-widget elementor-widget-heading\" data-id=\"ce8e0da\" data-element_type=\"widget\" data-e-type=\"widget\" data-widget_type=\"heading.default\">\n\t\t\t\t\t<h3 class=\"elementor-heading-title elementor-size-default\">Rock Climbing<\/h3>\t\t\t\t<\/div>\n\t\t\t\t<div class=\"elementor-element elementor-element-32f50f1 elementor-widget elementor-widget-text-editor\" data-id=\"32f50f1\" data-element_type=\"widget\" data-e-type=\"widget\" data-widget_type=\"text-editor.default\">\n\t\t\t\t\t\t\t\t\t<p>All climbing areas are easily accessible from Kalandraka; the closest is just three minutes from our facilities. The areas are mostly located in the Masc\u00fan canyon and there are beautiful pools for swimming everywhere, often at the base of the routes.<\/p>\t\t\t\t\t\t\t\t<\/div>\n\t\t\t\t\t<\/div>\n\t\t\t\t<\/div>\n\t\t<div class=\"elementor-element elementor-element-fc53607 e-flex e-con-boxed e-con e-parent\" data-id=\"fc53607\" data-element_type=\"container\" data-e-type=\"container\">\n\t\t\t\t\t<div class=\"e-con-inner\">\n\t\t<div class=\"elementor-element elementor-element-2aa7806 e-con-full e-flex e-con e-child\" data-id=\"2aa7806\" data-element_type=\"container\" data-e-type=\"container\">\n\t\t\t\t<div class=\"elementor-element elementor-element-bbbe6e4 elementor-widget elementor-widget-heading\" data-id=\"bbbe6e4\" data-element_type=\"widget\" data-e-type=\"widget\" data-widget_type=\"heading.default\">\n\t\t\t\t\t<h2 class=\"elementor-heading-title elementor-size-default\">rock<\/h2>\t\t\t\t<\/div>\n\t\t\t\t<div class=\"elementor-element elementor-element-f4c6c40 elementor-widget elementor-widget-text-editor\" data-id=\"f4c6c40\" data-element_type=\"widget\" data-e-type=\"widget\" data-widget_type=\"text-editor.default\">\n\t\t\t\t\t\t\t\t\t<p>The rock in Rodellar is limestone, and the area is best known for its large overhangs and steep routes with impressive tufas. Most climbs are long, athletic, and spectacular. There are also numerous caves and small roofs with short, powerful routes, as well as vertical walls featuring technical climbs up to 40 meters and beyond. While there are bouldering areas, particularly in the smaller caves, climbers not interested in rope climbing might prefer other destinations.<\/p>\t\t\t\t\t\t\t\t<\/div>\n\t\t\t\t<div class=\"elementor-element elementor-element-ef29a94 elementor-widget elementor-widget-heading\" data-id=\"ef29a94\" data-element_type=\"widget\" data-e-type=\"widget\" data-widget_type=\"heading.default\">\n\t\t\t\t\t<h2 class=\"elementor-heading-title elementor-size-default\">Difficulty\n<\/h2>\t\t\t\t<\/div>\n\t\t\t\t<div class=\"elementor-element elementor-element-c6e43fb elementor-widget elementor-widget-text-editor\" data-id=\"c6e43fb\" data-element_type=\"widget\" data-e-type=\"widget\" data-widget_type=\"text-editor.default\">\n\t\t\t\t\t\t\t\t\t<p>Rodellar offers a wide variation of dificulties, from IV grade to 9b. It's considered a paradise for hard climbing, due to the quality and quantity of 7th and 8th graded routes.<\/p>\t\t\t\t\t\t\t\t<\/div>\n\t\t\t\t<div class=\"elementor-element elementor-element-a410f51 elementor-widget elementor-widget-heading\" data-id=\"a410f51\" data-element_type=\"widget\" data-e-type=\"widget\" data-widget_type=\"heading.default\">\n\t\t\t\t\t<h2 class=\"elementor-heading-title elementor-size-default\">Best season\n<\/h2>\t\t\t\t<\/div>\n\t\t\t\t<div class=\"elementor-element elementor-element-9340b1e elementor-widget elementor-widget-text-editor\" data-id=\"9340b1e\" data-element_type=\"widget\" data-e-type=\"widget\" data-widget_type=\"text-editor.default\">\n\t\t\t\t\t\t\t\t\t<p>The best time for climbing in Rodellar is spring and autumn, but you can also climb very well in summer and winter. In summer, temperatures are quite high, making it a great time to enjoy the shaded areas and beautiful days alternating between climbing and swimming. Summer also brings the best local festivals. In winter, the waterfalls can be wet, although they are mostly dry. If not, there are still plenty of routes that never get wet, so you can enjoy them for a long time.<\/p>\t\t\t\t\t\t\t\t<\/div>\n\t\t\t\t<div class=\"elementor-element elementor-element-f69fa8f elementor-widget elementor-widget-button\" data-id=\"f69fa8f\" data-element_type=\"widget\" data-e-type=\"widget\" data-widget_type=\"button.default\">\n\t\t\t\t\t\t\t\t\t\t<a class=\"elementor-button elementor-button-link elementor-size-sm\" href=\"https:\/\/www.refugio-kalandraka.com\/wp-content\/uploads\/2026\/01\/resenas_kalandraka.pdf\" target=\"_blank\">\n\t\t\t\t\t\t<span class=\"elementor-button-content-wrapper\">\n\t\t\t\t\t\t\t\t\t<span class=\"elementor-button-text\">View climbing guide<\/span>\n\t\t\t\t\t<\/span>\n\t\t\t\t\t<\/a>\n\t\t\t\t\t\t\t\t<\/div>\n\t\t\t\t<\/div>\n\t\t<div class=\"elementor-element elementor-element-38c675d e-con-full e-flex e-con e-child\" data-id=\"38c675d\" data-element_type=\"container\" data-e-type=\"container\">\n\t\t\t\t<div class=\"elementor-element elementor-element-1aad0e1 elementor--h-position-center elementor--v-position-middle elementor-arrows-position-inside elementor-pagination-position-inside elementor-widget elementor-widget-slides\" data-id=\"1aad0e1\" data-element_type=\"widget\" data-e-type=\"widget\" data-settings=\"{&quot;navigation&quot;:&quot;both&quot;,&quot;autoplay&quot;:&quot;yes&quot;,&quot;pause_on_hover&quot;:&quot;yes&quot;,&quot;pause_on_interaction&quot;:&quot;yes&quot;,&quot;autoplay_speed&quot;:5000,&quot;infinite&quot;:&quot;yes&quot;,&quot;transition&quot;:&quot;slide&quot;,&quot;transition_speed&quot;:500}\" data-widget_type=\"slides.default\">\n\t\t\t\t\t\t\t\t\t\t<div class=\"elementor-slides-wrapper elementor-main-swiper swiper\" role=\"region\" aria-roledescription=\"carousel\" aria-label=\"Slides\" dir=\"ltr\" data-animation=\"fadeInUp\">\n\t\t\t\t<div class=\"swiper-wrapper elementor-slides\">\n\t\t\t\t\t\t\t\t\t\t<div class=\"elementor-repeater-item-6a975c2 swiper-slide\" role=\"group\" aria-roledescription=\"slide\"><div class=\"swiper-slide-bg\" role=\"img\"><\/div><div class=\"swiper-slide-inner\" ><div class=\"swiper-slide-contents\"><\/div><\/div><\/div><div class=\"elementor-repeater-item-e87169a swiper-slide\" role=\"group\" aria-roledescription=\"slide\"><div class=\"swiper-slide-bg\" role=\"img\"><\/div><div class=\"swiper-slide-inner\" ><div class=\"swiper-slide-contents\"><\/div><\/div><\/div><div class=\"elementor-repeater-item-3d26974 swiper-slide\" role=\"group\" aria-roledescription=\"slide\"><div class=\"swiper-slide-bg\" role=\"img\"><\/div><div class=\"swiper-slide-inner\" ><div class=\"swiper-slide-contents\"><\/div><\/div><\/div><div class=\"elementor-repeater-item-a9211b5 swiper-slide\" role=\"group\" aria-roledescription=\"slide\"><div class=\"swiper-slide-bg\" role=\"img\"><\/div><div class=\"swiper-slide-inner\" ><div class=\"swiper-slide-contents\"><\/div><\/div><\/div><div class=\"elementor-repeater-item-ad1c4ca swiper-slide\" role=\"group\" aria-roledescription=\"slide\"><div class=\"swiper-slide-bg\" role=\"img\"><\/div><div class=\"swiper-slide-inner\" ><div class=\"swiper-slide-contents\"><\/div><\/div><\/div><div class=\"elementor-repeater-item-11da593 swiper-slide\" role=\"group\" aria-roledescription=\"slide\"><div class=\"swiper-slide-bg\" role=\"img\"><\/div><div class=\"swiper-slide-inner\" ><div class=\"swiper-slide-contents\"><\/div><\/div><\/div><div class=\"elementor-repeater-item-b679d85 swiper-slide\" role=\"group\" aria-roledescription=\"slide\"><div class=\"swiper-slide-bg\" role=\"img\"><\/div><div class=\"swiper-slide-inner\" ><div class=\"swiper-slide-contents\"><\/div><\/div><\/div><div class=\"elementor-repeater-item-883b79d swiper-slide\" role=\"group\" aria-roledescription=\"slide\"><div class=\"swiper-slide-bg\" role=\"img\"><\/div><div class=\"swiper-slide-inner\" ><div class=\"swiper-slide-contents\"><\/div><\/div><\/div><div class=\"elementor-repeater-item-30cfceb swiper-slide\" role=\"group\" aria-roledescription=\"slide\"><div class=\"swiper-slide-bg\" role=\"img\"><\/div><div class=\"swiper-slide-inner\" ><div class=\"swiper-slide-contents\"><\/div><\/div><\/div><div class=\"elementor-repeater-item-3b30aed swiper-slide\" role=\"group\" aria-roledescription=\"slide\"><div class=\"swiper-slide-bg\" role=\"img\"><\/div><div class=\"swiper-slide-inner\" ><div class=\"swiper-slide-contents\"><\/div><\/div><\/div><div class=\"elementor-repeater-item-865fa4c swiper-slide\" role=\"group\" aria-roledescription=\"slide\"><div class=\"swiper-slide-bg\" role=\"img\"><\/div><div class=\"swiper-slide-inner\" ><div class=\"swiper-slide-contents\"><\/div><\/div><\/div><div class=\"elementor-repeater-item-7b77a75 swiper-slide\" role=\"group\" aria-roledescription=\"slide\"><div class=\"swiper-slide-bg\" role=\"img\"><\/div><div class=\"swiper-slide-inner\" ><div class=\"swiper-slide-contents\"><\/div><\/div><\/div><div class=\"elementor-repeater-item-a05f6d1 swiper-slide\" role=\"group\" aria-roledescription=\"slide\"><div class=\"swiper-slide-bg\" role=\"img\"><\/div><div class=\"swiper-slide-inner\" ><div class=\"swiper-slide-contents\"><\/div><\/div><\/div>\t\t\t\t<\/div>\n\t\t\t\t\t\t\t\t\t\t\t\t\t\t\t<div class=\"elementor-swiper-button elementor-swiper-button-prev\" role=\"button\" tabindex=\"0\" aria-label=\"Previous slide\" data-no-translation-aria-label=\"\">\n\t\t\t\t\t\t\t<svg aria-hidden=\"true\" class=\"e-font-icon-svg e-eicon-chevron-left\" viewbox=\"0 0 1000 1000\" xmlns=\"http:\/\/www.w3.org\/2000\/svg\"><path d=\"M646 125C629 125 613 133 604 142L308 442C296 454 292 471 292 487 292 504 296 521 308 533L604 854C617 867 629 875 646 875 663 875 679 871 692 858 704 846 713 829 713 812 713 796 708 779 692 767L438 487 692 225C700 217 708 204 708 187 708 171 704 154 692 142 675 129 663 125 646 125Z\"><\/path><\/svg>\t\t\t\t\t\t<\/div>\n\t\t\t\t\t\t<div class=\"elementor-swiper-button elementor-swiper-button-next\" role=\"button\" tabindex=\"0\" aria-label=\"Next slide\" data-no-translation-aria-label=\"\">\n\t\t\t\t\t\t\t<svg aria-hidden=\"true\" class=\"e-font-icon-svg e-eicon-chevron-right\" viewbox=\"0 0 1000 1000\" xmlns=\"http:\/\/www.w3.org\/2000\/svg\"><path d=\"M696 533C708 521 713 504 713 487 713 471 708 454 696 446L400 146C388 133 375 125 354 125 338 125 325 129 313 142 300 154 292 171 292 187 292 204 296 221 308 233L563 492 304 771C292 783 288 800 288 817 288 833 296 850 308 863 321 871 338 875 354 875 371 875 388 867 400 854L696 533Z\"><\/path><\/svg>\t\t\t\t\t\t<\/div>\n\t\t\t\t\t\t\t\t\t\t\t\t\t\t\t\t<div class=\"swiper-pagination\"><\/div>\n\t\t\t\t\t\t\t\t\t\t\t\t<\/div>\n\t\t\t\t\t\t\t\t<\/div>\n\t\t\t\t<\/div>\n\t\t\t\t\t<\/div>\n\t\t\t\t<\/div>\n\t\t\t\t<\/div>","protected":false},"excerpt":{"rendered":"<p>escalada Rodellar es un sector de renombre internacional para la practica de la escalada La zona de escalada de Rodellar ofrece m\u00e1s de 1000 v\u00edas en 35 sectores de todas orientaciones. ESCALADA YOGA BTT SENDERISMO BARRANQUISMO escalada Todos los sectores son f\u00e1cilmente accesibles a pie, el m\u00e1s cercano est\u00e1 a tres minutos del Kalandraka. Los [&hellip;]<\/p>","protected":false},"author":1,"featured_media":244,"parent":0,"menu_order":0,"comment_status":"closed","ping_status":"closed","template":"","meta":{"footnotes":""},"class_list":["post-1242","page","type-page","status-publish","has-post-thumbnail","hentry"],"_links":{"self":[{"href":"https:\/\/www.refugio-kalandraka.com\/en\/wp-json\/wp\/v2\/pages\/1242","targetHints":{"allow":["GET"]}}],"collection":[{"href":"https:\/\/www.refugio-kalandraka.com\/en\/wp-json\/wp\/v2\/pages"}],"about":[{"href":"https:\/\/www.refugio-kalandraka.com\/en\/wp-json\/wp\/v2\/types\/page"}],"author":[{"embeddable":true,"href":"https:\/\/www.refugio-kalandraka.com\/en\/wp-json\/wp\/v2\/users\/1"}],"replies":[{"embeddable":true,"href":"https:\/\/www.refugio-kalandraka.com\/en\/wp-json\/wp\/v2\/comments?post=1242"}],"version-history":[{"count":85,"href":"https:\/\/www.refugio-kalandraka.com\/en\/wp-json\/wp\/v2\/pages\/1242\/revisions"}],"predecessor-version":[{"id":3894,"href":"https:\/\/www.refugio-kalandraka.com\/en\/wp-json\/wp\/v2\/pages\/1242\/revisions\/3894"}],"wp:featuredmedia":[{"embeddable":true,"href":"https:\/\/www.refugio-kalandraka.com\/en\/wp-json\/wp\/v2\/media\/244"}],"wp:attachment":[{"href":"https:\/\/www.refugio-kalandraka.com\/en\/wp-json\/wp\/v2\/media?parent=1242"}],"curies":[{"name":"wp","href":"https:\/\/api.w.org\/{rel}","templated":true}]}}